{"id":33,"date":"2022-11-08T20:21:32","date_gmt":"2022-11-08T19:21:32","guid":{"rendered":"https:\/\/centrumslniecko.sk\/bezpecny-zensky-dom\/?page_id=33"},"modified":"2022-11-08T20:21:32","modified_gmt":"2022-11-08T19:21:32","slug":"uvodna-stranka","status":"publish","type":"page","link":"https:\/\/centrumslniecko.sk\/bezpecny-zensky-dom\/","title":{"rendered":"\u00davodn\u00e1 str\u00e1nka"},"content":{"rendered":"\n<p>Projekt \u201eBezpe\u010dn\u00fd \u017eensk\u00fd dom &#8211; krok k\u00a0\u017eivotu bez n\u00e1silia\u201c z\u00edskal grant z\u00a0N\u00f3rska v\u00a0sume 509\u00a0369,00 \u20ac. Projekt je spolufinancovan\u00fd v\u00a0sume 89\u00a0889,00 \u20ac zo \u0161t\u00e1tneho rozpo\u010dtu Slovenskej republiky. Hlavn\u00fdm cie\u013eom projektu je posilnenie a\u00a0skvalitnenie u\u017e poskytovan\u00fdch slu\u017eieb v\u00a0Bezpe\u010dnom \u017eenskom dome a\u00a0roz\u0161\u00edrenie jeho kapacity o\u00a015 miest v\u00a0kontexte uplat\u0148ovania minim\u00e1lnych Eur\u00f3pskych \u0161tandardov pre poskytovanie podpory a\u00a0ochrany \u017een\u00e1m za\u017e\u00edvaj\u00facim n\u00e1silie a\u00a0ich de\u0165om. Cie\u013eom projektu je taktie\u017e realiz\u00e1cia kampane na zv\u00fd\u0161enie povedomia a\u00a0vzdel\u00e1vacej kampane v t\u00e9me n\u00e1silia p\u00e1chan\u00e9ho na \u017een\u00e1ch a\u00a0de\u0165och.<\/p>\n","protected":false},"excerpt":{"rendered":"<div class=\"entry-summary\">\nProjekt \u201eBezpe\u010dn\u00fd \u017eensk\u00fd dom &#8211; krok k\u00a0\u017eivotu bez n\u00e1silia\u201c z\u00edskal grant z\u00a0N\u00f3rska v\u00a0sume 509\u00a0369,00 \u20ac. Projekt je spolufinancovan\u00fd v\u00a0sume 89\u00a0889,00 \u20ac zo \u0161t\u00e1tneho rozpo\u010dtu Slovenskej republiky. Hlavn\u00fdm cie\u013eom projektu je posilnenie a\u00a0skvalitnenie u\u017e poskytovan\u00fdch slu\u017eieb v\u00a0Bezpe\u010dnom \u017eenskom dome a\u00a0roz\u0161\u00edrenie jeho&hellip;\n<\/div>\n<div class=\"link-more\"><a href=\"https:\/\/centrumslniecko.sk\/bezpecny-zensky-dom\/\" class=\"more-link\">Pre\u010d\u00edta\u0165<span class=\"screen-reader-text\"> &ldquo;\u00davodn\u00e1 str\u00e1nka&rdquo;<\/span>&hellip;<\/a><\/div>\n","protected":false},"author":2,"featured_media":0,"parent":0,"menu_order":0,"comment_status":"closed","ping_status":"closed","template":"","meta":{"ngg_post_thumbnail":0,"footnotes":""},"class_list":["post-33","page","type-page","status-publish","hentry","entry"],"_links":{"self":[{"href":"https:\/\/centrumslniecko.sk\/bezpecny-zensky-dom\/wp-json\/wp\/v2\/pages\/33","targetHints":{"allow":["GET"]}}],"collection":[{"href":"https:\/\/centrumslniecko.sk\/bezpecny-zensky-dom\/wp-json\/wp\/v2\/pages"}],"about":[{"href":"https:\/\/centrumslniecko.sk\/bezpecny-zensky-dom\/wp-json\/wp\/v2\/types\/page"}],"author":[{"embeddable":true,"href":"https:\/\/centrumslniecko.sk\/bezpecny-zensky-dom\/wp-json\/wp\/v2\/users\/2"}],"replies":[{"embeddable":true,"href":"https:\/\/centrumslniecko.sk\/bezpecny-zensky-dom\/wp-json\/wp\/v2\/comments?post=33"}],"version-history":[{"count":1,"href":"https:\/\/centrumslniecko.sk\/bezpecny-zensky-dom\/wp-json\/wp\/v2\/pages\/33\/revisions"}],"predecessor-version":[{"id":34,"href":"https:\/\/centrumslniecko.sk\/bezpecny-zensky-dom\/wp-json\/wp\/v2\/pages\/33\/revisions\/34"}],"wp:attachment":[{"href":"https:\/\/centrumslniecko.sk\/bezpecny-zensky-dom\/wp-json\/wp\/v2\/media?parent=33"}],"curies":[{"name":"wp","href":"https:\/\/api.w.org\/{rel}","templated":true}]}}