{"id":18,"date":"2022-11-08T19:52:59","date_gmt":"2022-11-08T18:52:59","guid":{"rendered":"https:\/\/centrumslniecko.sk\/bezpecny-zensky-dom\/?page_id=18"},"modified":"2025-07-16T13:28:58","modified_gmt":"2025-07-16T11:28:58","slug":"activities","status":"publish","type":"page","link":"https:\/\/centrumslniecko.sk\/bezpecny-zensky-dom\/en\/activities\/","title":{"rendered":"Activities"},"content":{"rendered":"\n<h2 class=\"wp-block-heading\"><strong>May 2022 \u2013 April 202<\/strong>4<\/h2>\n\n\n\n<ul class=\"wp-block-list\">\n<li><strong>Field Crisis intervention<\/strong> \u2013 finding a&nbsp;target group, professional activities, field social work, creating conditions for the distribution of food\/groceries, providing temoprary shelter in an apartment, providing crisis assistance through telecommunications technologies (crisis line) and so on \u2013 <strong>434.5 hod. <\/strong><\/li>\n\n\n\n<li><strong>Social counselling<\/strong> \u2013 professional help to female clients who find themselves in an unfavorable life situation due to domestic violence \u2013 <strong>2,816 hod.<\/strong><\/li>\n\n\n\n<li><strong>Safety management <\/strong>\u2013 professional employees at the level of multi- institutional cooperation determine the causes of the origin, nature and extent of problems of women and their children and provide professional assistance, including identification of violence, evaluation of threats, take measures to ensure their safety \u2013 <strong>870.5 hod.<\/strong><\/li>\n\n\n\n<li><strong>Assistance in the exercise of rights and interests protected by law<\/strong> \u2013 assistance in dealing with official matters, in dealing with personal documents, in writing and submitting written submissions, writing out forms, etc. \u2013 <strong>582.5 hod. <\/strong><\/li>\n\n\n\n<li><strong>Psychological care for children<\/strong> \u2013 children are also victims of domestic violence or are indirect victims of domestic violence-witnesses. This situation leaves them traumatized, so it is necessary to provide them with psychological help and support \u2013 <strong>481.5 hod. &nbsp;<\/strong><\/li>\n\n\n\n<li><strong>Psychological support and care for women<\/strong> \u2013 help in treatment with trauma, the consequences of domestic violence \u2013 <strong>52 hod.<\/strong><\/li>\n\n\n\n<li><strong>Legal advice, Assistance in preparation for teaching, Employment assistance, Development of work skills<\/strong> \u2013 <strong>663.5 hod:<\/strong>\n<ul class=\"wp-block-list\">\n<li>help to victims of domestic violence to orientate themselves and resolve legal issues that are closely related to domestic violence (criminal complaint, interim measure, filings, etc.),<\/li>\n\n\n\n<li>professional employees help children\u00b4s clients with preparation for teaching, in writing homework, projects, working on a&nbsp;PC, etc.,<\/li>\n\n\n\n<li>in order for vistims of domestic violence to become finanially independent, they need to find a&nbsp;suitable job, with which professional employees help them. They are also helpful with the preparation of CV and other documents,<\/li>\n\n\n\n<li>professional employees work with clients on acquiring work skills, reconciling work and personal life, etc..<\/li>\n<\/ul>\n<\/li>\n\n\n\n<li><strong>Accommodation<\/strong> for a certain period of time, necessary to ensure crisis intervention, protection and support, including creating conditions for food preparation, performing basic personal hygiene, cleaning, washing, ironing, hobbies;<\/li>\n\n\n\n<li><strong>Methods of expressive therapies \u2013 Music Therapy<\/strong> <strong>and Arte Therapy<\/strong> \u2013 in order to improve the quality of the services provided, especially to children, in the Women\u00b4s Safe House we implement expressive therapy methods, which are a&nbsp;very suitable choice, as they allow the release of accumulated negative emotions, energy \u2013 <strong>139.5 hod.<\/strong><\/li>\n\n\n\n<li><strong>Special pedagogical care<\/strong> \u2013 special-pedagogical care is in great demand when working with a&nbsp;children\u00b4s client in the Women\u00b4s Safe House, as only a&nbsp;special pedagogist can provide adequate care and assistance to children with various disadvantages (physical, mental, speech etc.) \u2013 <strong>93.5 hod.<\/strong><\/li>\n\n\n\n<li><strong>Operation of a crisis apartment <\/strong>&#8211; for the purpose of protecting the life and health of women, their children and employees of the Safe Women&#8217;s House. Accommodation in the crisis apartment was used by <strong>10 clients<\/strong> (5 women and 5 children).<\/li>\n\n\n\n<li><strong>Educational campaign<\/strong> through which&nbsp;will offer space and opportunity to acquire knowledge, information on violence against women and children, their safety, non-victimizing intervention, forms of assistance, appropriate and inappropriate procedures for working with the target group for experts working on the topic of violence against women and children- social workers, police officers, educators, preventionists and other experts working on the topic of violence against women and children:\n<ul class=\"wp-block-list\">\n<li>The first of the educational activities aimed at preventing violence against children and between children, began to be implemented on <strong>4 November, 2022<\/strong>. The activity is implemented in the form of an interactive webinar and <strong>28 participants<\/strong> have participated in it.<\/li>\n\n\n\n<li>The educational activity focused on a sexual abuse of children was organized on <strong>May 5, 2023<\/strong>, and the educational activity focused on psychological violence was held in <strong>May 12, 2023<\/strong>. Both actitivities were face-to-face with <strong>10 participants<\/strong> &#8211; female employees of Centrum Slnie\u010dko, n.o..<\/li>\n\n\n\n<li>The education activity focused on psychological violence was organized on <strong>May 26, 2023<\/strong>. <strong>16 attendees<\/strong> were employees of municipality of Nitra as a project&#8217;s partner.<\/li>\n\n\n\n<li><strong>On December 13, 2023<\/strong>, and <strong>April 23, 2024<\/strong>, the educational activity focused on domestic and gender-based violence, dynamics and forms of violence, risk assessment, security plan, legal protection and protection system for victims of domestic violence in Slovakia, multidisciplinary cooperation in the context of domestic violence. The activity was attended by <strong>15 <\/strong>representatives of the police and <strong>13<\/strong> employees of the Center Slnie\u010dko, n.o.<\/li>\n\n\n\n<li><strong>From March 22, 2024<\/strong>, two educational activities aimed at obtaining a general overview of the CAN syndrome, its symptoms, manifestations, risk factors, and appropriate procedures in case of suspected child abuse, sexual abuse, or child neglect began. The educational activities are carried out in the form of an interactive webinar and were attended by a total of <strong>40<\/strong> participants &#8211; employees of the Center Slnie\u010dko, n.o. and cooperating organizations.<\/li>\n\n\n\n<li><strong>On April 4.-5, 2024, <\/strong>and <strong>April 17.-18., 2024<\/strong>, \u2013 educational activity focused on children&#8217;s drawing &#8211; history, ontogenesis of children&#8217;s artistic expression, meaning of some signs in children&#8217;s drawings, color symbolism, specific signs in selected drawing tests in the context of CAN and CSA, screening tests, identification of specific signs in children&#8217;s drawings, which may be related to torture, sexual abuse; Drawing and its use in art therapy. A total of <strong>21 <\/strong>participants took part in the activity \u2013 employees of Centra Slnie\u010dko, n.o., a partner of the City of Nitra project and collaborating organizations.<\/li>\n\n\n\n<li>During the month of <strong>July, 84 participants<\/strong> \u2013 female employees of Centra Slnie\u010dko, n.o., were educated in three new interactive educational modules, which were created thanks to support from the project (<a href=\"https:\/\/bezmodrin.sk\/produkt\/domace-nasilie\/\">Dom\u00e1ce n\u00e1silie <\/a> ; <a href=\"https:\/\/bezmodrin.sk\/produkt\/dotyky\/\">Dotyky <\/a> ; <a href=\"https:\/\/bezmodrin.sk\/produkt\/rodovo-podmienene-nasilie\/\">Rodovo podmienen\u00e9 n\u00e1silie<\/a>). Their content was mainly the issue of appropriate and inappropriate touching of children in the field of education, interest groups, healthcare, etc., issues of domestic and gender-based violence (forms, prevention, secondary victimization, retraumatization, standards, code of ethics, etc.), taking into account violence against the elderly, the LGBT+ community, etc.<\/li>\n<\/ul>\n<\/li>\n\n\n\n<li><strong>Awareness raising campaign<\/strong>&nbsp;\u2013 the aim is to raise an awareness about a violence against women, about the options, forms and means of solving violence against women and children in the Nitrian self-governing region. The campaign is mainly distributed via internet platforms, primarily in the form of a podcast format. The campaign also includes visual outputs that follow the podcast series.\n<ul class=\"wp-block-list\">\n<li>The campaign is supported by <strong>900 pieces of information materials-leaflets<\/strong>, which are distributed within the Nitrian self-governing region.<\/li>\n\n\n\n<li>on <strong>October 12, 2023<\/strong>, he campaign was launched with the premiere of the first episode of a seven-part podcast series called &#8222;Straten\u00e9 (Lost)&#8220;. Every Thursday, the series presents the real story of women &#8211; victims of domestic violence. More information <strong><a href=\"https:\/\/bezmodrin.sk\/2023\/10\/12\/podcast-ktory-nastastie-mozete-vypnut\">HERE<\/a><\/strong>.\n<ul class=\"wp-block-list\">\n<li><a href=\"https:\/\/open.spotify.com\/episode\/18BbzWPQzZM8CGSKLhEnxx?si=A4ksmP0kTMq_SNRuV9oiWg&amp;nd=1\"><strong>&#8222;Kl\u00e1ra&#8220;<\/strong><\/a> \u2013 Episode 1, released on October 12, 2023<\/li>\n\n\n\n<li><a href=\"https:\/\/open.spotify.com\/episode\/0BisluXedPoF7b4Acdi6Hp\"><strong>&#8222;Laura&#8220;<\/strong><\/a> \u2013 Episode 2, released on October 19, 2023<\/li>\n\n\n\n<li><strong><a href=\"https:\/\/open.spotify.com\/episode\/6Y4IwoNDIsFA7sjCvzIRSU\">&#8222;Lenka&#8220;<\/a><\/strong> \u2013 Episode 3, released on October 23, 2023<\/li>\n\n\n\n<li><strong><a href=\"https:\/\/open.spotify.com\/episode\/2FhdNKVx5SptBikezDVvK6?si=sj6qNWLFSPW0fWSS1S8VEg\">&#8222;Marcela&#8220;<\/a><\/strong> \u2013 Episode 4, released on November 1, 2023<\/li>\n\n\n\n<li><strong><a href=\"https:\/\/open.spotify.com\/episode\/2lUuYVzYBo3Z1RJlDUFXtc\">&#8222;Silvia&#8220;<\/a><\/strong> \u2013 Episode 5, released on November 9, 2023<\/li>\n\n\n\n<li><strong><a href=\"https:\/\/open.spotify.com\/episode\/6omwYu9gX8x5ZyXQY3OGVX\">&#8222;Romana (and Patr\u00edcia)&#8220;<\/a><\/strong> \u2013 Episode 6, released on November 16, 2023<\/li>\n\n\n\n<li><a href=\"https:\/\/open.spotify.com\/episode\/435V61CC594FeClUObp4Lz\"><strong>&#8222;Lucia&#8220;<\/strong> <\/a>\u2013 Episode 7, released on November 23, 2023<\/li>\n<\/ul>\n<\/li>\n\n\n\n<li>Between <strong>October 31, 2023<\/strong> and <strong>November 27, 2023<\/strong>, 102 citylights, which followed the podcast series and supported the content of the campaign, were placed in the Nitrian self-governing region.<\/li>\n<\/ul>\n<\/li>\n\n\n\n<li><strong>Cooperation \u2013 meeting:<\/strong> \n<ul class=\"wp-block-list\">\n<li>We have been cooperating with the Regional Directorate of the Police Force in Nitra for more than 5 years. Based on this cooperation, a model of assistance was created in cooperation with the police and the Victim Counseling Center. This model became the starting point for the amendment of the law on Victims of Crime, which incorporated into the law Intervention Centers and cooperation between the police and counseling centers in order to help victims of domestic violence quickly and effectively.\n<ul class=\"wp-block-list\">\n<li><strong>September 20, 2023<\/strong> regular meeting of the working group KR PZ Nitra and representatives of Sun Centre, npo. aimed at introducing new members, presenting the cooperation of the Counseling Center for Victims with the Intervention Center and individual police departments. The topic of the meeting was the individual steps of reporting, instructions of the police director, problems in mutual cooperation, the future program of the working group.<\/li>\n\n\n\n<li><strong>December 7, 2022<\/strong> and <strong>June 6, 2023<\/strong> meeting of the working group of KR PZ Nitra and representatives of Sun Centre, npo., focused on the issue of domestic violence and violence against children. The issue of cooperation between individual OO PZ and OKP within KR PZ Nitra and the Counseling Center for Victims with the Intervention Center was addressed, after the implementation of the reporting institute. Examples of good practice \u2013 cooperation, but also problems in cooperation, for which constructive solutions were sought, were shared.<\/li>\n\n\n\n<li><strong>June 15, 2022<\/strong>, one of the regular multidisciplinary meetings with representatives of the police, which is an integral of several years of cooperation.<\/li>\n<\/ul>\n<\/li>\n\n\n\n<li>In the months of June, August, November 2023 and March 2024, 5 meetings were held with cooperating organizations with the aim of proposing measures and strategies on the topic of violence against women and children.<\/li>\n<\/ul>\n<\/li>\n\n\n\n<li><strong>The activity of an expert consultant for the field of domestic violence<\/strong> \u2013 this activity is provided by the project partner City of Nitra, starting in November 2022 to February 2024. His task purpose of i tis to support and coordination of preventive activities in the given area, the networking of subjects, the mediation of information from the given area from the national to the local level, creation of a functional support network, data collection, etc.<\/li>\n\n\n\n<li><strong>Spatial extension of the Women\u2019s Safe House and its equipment<\/strong> <br><strong>On November 9, 2023<\/strong>, reconstruction work began on the building, which will expand the capacity of the already operating Safe Women&#8217;s House by 15 places. The project partner \u2013 the City of Nitra \u2013 is responsible for the course and implementation of this activity. On April 30, 2024, a valid approval decision was issued. In the months of April and May 2024, the facility will be equipped (furniture, appliances, etc.).<br><strong>On June 11, 2024<\/strong>, the Decision of R\u00daVZ, based in Nitra, of May 30, 2024, on putting the premises of the facility into operation and on approving the operating procedure, entered into force. On May 31, 2024, a request for changes in the NSK register of social service providers was submitted. <br><strong>On June 28, 2024<\/strong>, a change was made in the register of social services, and from <strong>July 1, 2024<\/strong>, it is possible to provide social services in the renovated Safe Women&#8217;s House with a capacity of <strong>15 places<\/strong>.<\/li>\n\n\n\n<li><strong>Press conference, Nitra, June 13, 2022<\/strong> \u2013&nbsp;<a href=\"https:\/\/centrumslniecko.sk\/wp-content\/uploads\/2022\/06\/TS_CentrumSlniecko9_6_2022.pdf\">Press release \u00bb\u00bb<\/a><br>On June 13, 2022, an introductory press conference was held in the premises of the Municipal Office in Nitra, where the launch of the project and planned activities were presented. The press conference was attended by representatives of the Program Manager, the ambassador of the Kingdom of Norway, the mayor of the City of Nitra, representatives of the project partner, helping professions, the recipient and local, regional and national media.<br><a href=\"https:\/\/photos.app.goo.gl\/EHYSegepGPV8FT2A8\" target=\"_blank\" rel=\"noreferrer noopener\">Photo\u00bb\u00bb<\/a>, photo by Jakub Koval\u00edk<\/li>\n\n\n\n<li><strong>Ongoing press conference, Nitra, October 24, 2023<\/strong> \u2013\u00a0<a href=\"https:\/\/centrumslniecko.sk\/wp-content\/uploads\/2023\/10\/TS_CentrumSlniecko24_10_2023.pdf\">Press release \u00bb\u00bb<\/a><br>On October 24, 2023, in the premises of the non-profit organization Centrum Slnie\u010dko, n.o. held an ongoing press conference at which the ongoing results and implemented activities of the project were presented. The press conference was attended by representatives of the Program Manager, project partner City of Nitra and the media.<br><a href=\"https:\/\/photos.app.goo.gl\/Qa5xsRMHaK9m61j79\" target=\"_blank\" rel=\"noreferrer noopener\">Photo \u00bb\u00bb<\/a><\/li>\n\n\n\n<li><strong>Final conference, Nitra, May 15, 2024<\/strong> \u2013 <a href=\"https:\/\/centrumslniecko.sk\/wp-content\/uploads\/2024\/05\/TS-15-maj2024.pdf\">Press release \u00bb\u00bb<\/a> <br>On May 15, 2024, the final conference on the implementation of the project was held. In the first part, the results, outputs and implemented activities were presented with the participation of the ambassador of the Kingdom of Norway in Vienna, the representative of the Program Manager, representatives of the partner of the City of Nitra project, public, non-governmental organizations and institutions active in the field of domestic and gender-based violence in NSK. In the second part of the conference, a panel discussion was held on the issue of helping victims of domestic and gender-based violence and their children in NSK with the participation of experts from public and non-governmental organizations.<br>The final conference also included a ceremonial &#8222;cutting of the ribbon&#8220; in the extended part of the Safe Women&#8217;s House by the director of the Slnie\u010dko Center, n.o., the ambassador of the Kingdom of Norway in Vienna and the mayor of the City of Nitra.<br><a href=\"https:\/\/photos.google.com\/u\/4\/album\/AF1QipMrPlm69lwHoFBO8U3St7G8Hc0exweZgTAVz4qH\" target=\"_blank\" rel=\"noreferrer noopener\">Photo \u00bb\u00bb<\/a><\/li>\n<\/ul>\n\n\n\n<p><\/p>\n\n\n\n<p><a href=\"https:\/\/centrumslniecko.sk\/wp-content\/uploads\/2022\/05\/MandatnaZmluva-IT.pdf\">Mandate agreement, 30. May 2022&nbsp;<strong>\u00bb\u00bb<\/strong><\/a><br><a rel=\"noreferrer noopener\" href=\"https:\/\/centrumslniecko.sk\/wp-content\/uploads\/2022\/09\/Zmluva-o-dielo19_8_22.pdf\" target=\"_blank\">Contract for Work, 19. August 2022&nbsp;<strong>\u00bb\u00bb<\/strong><\/a><\/p>\n\n\n\n<p><\/p>\n","protected":false},"excerpt":{"rendered":"<div class=\"entry-summary\">\nMay 2022 \u2013 April 2024 Mandate agreement, 30. May 2022&nbsp;\u00bb\u00bbContract for Work, 19. August 2022&nbsp;\u00bb\u00bb\n<\/div>\n<div class=\"link-more\"><a href=\"https:\/\/centrumslniecko.sk\/bezpecny-zensky-dom\/en\/activities\/\" class=\"more-link\">Pre\u010d\u00edta\u0165<span class=\"screen-reader-text\"> &ldquo;Activities&rdquo;<\/span>&hellip;<\/a><\/div>\n","protected":false},"author":2,"featured_media":0,"parent":0,"menu_order":0,"comment_status":"closed","ping_status":"closed","template":"","meta":{"ngg_post_thumbnail":0,"footnotes":""},"class_list":["post-18","page","type-page","status-publish","hentry","entry"],"_links":{"self":[{"href":"https:\/\/centrumslniecko.sk\/bezpecny-zensky-dom\/wp-json\/wp\/v2\/pages\/18","targetHints":{"allow":["GET"]}}],"collection":[{"href":"https:\/\/centrumslniecko.sk\/bezpecny-zensky-dom\/wp-json\/wp\/v2\/pages"}],"about":[{"href":"https:\/\/centrumslniecko.sk\/bezpecny-zensky-dom\/wp-json\/wp\/v2\/types\/page"}],"author":[{"embeddable":true,"href":"https:\/\/centrumslniecko.sk\/bezpecny-zensky-dom\/wp-json\/wp\/v2\/users\/2"}],"replies":[{"embeddable":true,"href":"https:\/\/centrumslniecko.sk\/bezpecny-zensky-dom\/wp-json\/wp\/v2\/comments?post=18"}],"version-history":[{"count":75,"href":"https:\/\/centrumslniecko.sk\/bezpecny-zensky-dom\/wp-json\/wp\/v2\/pages\/18\/revisions"}],"predecessor-version":[{"id":688,"href":"https:\/\/centrumslniecko.sk\/bezpecny-zensky-dom\/wp-json\/wp\/v2\/pages\/18\/revisions\/688"}],"wp:attachment":[{"href":"https:\/\/centrumslniecko.sk\/bezpecny-zensky-dom\/wp-json\/wp\/v2\/media?parent=18"}],"curies":[{"name":"wp","href":"https:\/\/api.w.org\/{rel}","templated":true}]}}